{"id":160,"date":"2023-03-15T15:12:09","date_gmt":"2023-03-15T15:12:09","guid":{"rendered":"https:\/\/mtsy.ba\/?page_id=160"},"modified":"2023-06-15T10:49:38","modified_gmt":"2023-06-15T10:49:38","slug":"partneri-2","status":"publish","type":"page","link":"https:\/\/mtsy.ba\/index.php\/partneri-2\/","title":{"rendered":"Partneri"},"content":{"rendered":"\n<p class=\"has-semi-light-color has-text-color gutenify-section-14616470-0b6a-11ee-b038-6f4ccf52d639\">MEGA TRADE SYSTEM PARTNERI<\/p>\n\n\n\n<p class=\"has-semi-light-color has-text-color has-medium-font-size gutenify-section-14851910-0b6a-11ee-b038-6f4ccf52d639\">Na\u0161i partneri<\/p>\n\n\n\n<p class=\"has-semi-light-color has-text-color gutenify-section-58a62f70-fbb2-11ed-a030-9d1b1a239611\">Mo\u017eemo se pohvaliti vi\u0161egodi\u0161njim, kvalitetnim, poslovnim odnosima sa mnogim multinacionalnim firmama za koje osiguravamo dostupnost brendova iz njihovog asortimana \u0161to ve\u0107em broju kupaca i potro\u0161a\u010da.<\/p>\n\n\n\n<p class=\"has-semi-light-color has-text-color gutenify-section-58abd4c0-fbb2-11ed-a030-9d1b1a239611\"><br>Cilj nam je ponuditi kupcima odabrani asortiman kvalitetnih proizvoda kojima \u0107emo zadobiti njihovo povjerenje. Dokaz na\u0161eg uspjeha su dugogodi\u0161nji ostvareni rezultati koji nam daju podsticaj za jo\u0161 ve\u0107i napredak i \u0161irenje poslovne mre\u017ee.<\/p>\n\n\n\n<div class=\"wp-block-group alignfull gutenify-section-f9344950-fbb1-11ed-a030-9d1b1a239611 is-layout-flow wp-container-core-group-is-layout-47e5a185 wp-block-group-is-layout-flow\"><style type=\"text\/css\">\n#foogallery-gallery-454 .fg-image { width: 180px; }\n#foogallery-gallery-454 { --fg-gutter: 10px; }<\/style>\n\t\t\t<div class=\"foogallery foogallery-container foogallery-default foogallery-lightbox-none fg-left fg-m-col3 fg-default fg-ready fg-light fg-border-thin fg-shadow-outline fg-loading-default fg-loaded-fade-in fg-caption-hover fg-hover-fade fg-hover-zoom\" id=\"foogallery-gallery-454\" data-foogallery=\"{&quot;item&quot;:{&quot;showCaptionTitle&quot;:true,&quot;showCaptionDescription&quot;:true},&quot;lazy&quot;:true}\" style=\"--fg-title-line-clamp: 0; --fg-description-line-clamp: 0;\" >\n\t<div class=\"fg-item fg-type-image fg-idle\"><figure class=\"fg-item-inner\"><a href=\"https:\/\/mtsy.ba\/wp-content\/uploads\/2023\/03\/Bebelac.png\" data-attachment-id=\"178\" data-type=\"image\" class=\"fg-thumb\"><span class=\"fg-image-wrap\"><img decoding=\"async\" width=\"180\" height=\"180\" class=\"skip-lazy fg-image\" data-src-fg=\"https:\/\/mtsy.ba\/wp-content\/uploads\/cache\/2023\/03\/Bebelac\/1831786435.png\" src=\"data:image\/svg+xml,%3Csvg%20xmlns%3D%22http%3A%2F%2Fwww.w3.org%2F2000%2Fsvg%22%20width%3D%22180%22%20height%3D%22180%22%20viewBox%3D%220%200%20180%20180%22%3E%3C%2Fsvg%3E\" loading=\"eager\"><\/span><span class=\"fg-image-overlay\"><\/span><\/a><\/figure><div class=\"fg-loader\"><\/div><\/div><div class=\"fg-item fg-type-image fg-idle\"><figure class=\"fg-item-inner\"><a href=\"https:\/\/mtsy.ba\/wp-content\/uploads\/2023\/03\/Bobs.png\" data-attachment-id=\"179\" data-type=\"image\" class=\"fg-thumb\"><span class=\"fg-image-wrap\"><img decoding=\"async\" width=\"180\" height=\"180\" class=\"skip-lazy fg-image\" data-src-fg=\"https:\/\/mtsy.ba\/wp-content\/uploads\/cache\/2023\/03\/Bobs\/1958422445.png\" src=\"data:image\/svg+xml,%3Csvg%20xmlns%3D%22http%3A%2F%2Fwww.w3.org%2F2000%2Fsvg%22%20width%3D%22180%22%20height%3D%22180%22%20viewBox%3D%220%200%20180%20180%22%3E%3C%2Fsvg%3E\" loading=\"eager\"><\/span><span class=\"fg-image-overlay\"><\/span><\/a><\/figure><div class=\"fg-loader\"><\/div><\/div><div class=\"fg-item fg-type-image fg-idle\"><figure class=\"fg-item-inner\"><a href=\"https:\/\/mtsy.ba\/wp-content\/uploads\/2023\/03\/Arke.png\" data-attachment-id=\"177\" data-type=\"image\" class=\"fg-thumb\"><span class=\"fg-image-wrap\"><img decoding=\"async\" width=\"180\" height=\"180\" class=\"skip-lazy fg-image\" data-src-fg=\"https:\/\/mtsy.ba\/wp-content\/uploads\/cache\/2023\/03\/Arke\/1842083254.png\" src=\"data:image\/svg+xml,%3Csvg%20xmlns%3D%22http%3A%2F%2Fwww.w3.org%2F2000%2Fsvg%22%20width%3D%22180%22%20height%3D%22180%22%20viewBox%3D%220%200%20180%20180%22%3E%3C%2Fsvg%3E\" loading=\"eager\"><\/span><span class=\"fg-image-overlay\"><\/span><\/a><\/figure><div class=\"fg-loader\"><\/div><\/div><div class=\"fg-item fg-type-image fg-idle\"><figure class=\"fg-item-inner\"><a href=\"https:\/\/mtsy.ba\/wp-content\/uploads\/2023\/03\/Dahlia.png\" data-attachment-id=\"180\" data-type=\"image\" class=\"fg-thumb\"><span class=\"fg-image-wrap\"><img decoding=\"async\" width=\"180\" height=\"180\" class=\"skip-lazy fg-image\" data-src-fg=\"https:\/\/mtsy.ba\/wp-content\/uploads\/cache\/2023\/03\/Dahlia\/1692429047.png\" src=\"data:image\/svg+xml,%3Csvg%20xmlns%3D%22http%3A%2F%2Fwww.w3.org%2F2000%2Fsvg%22%20width%3D%22180%22%20height%3D%22180%22%20viewBox%3D%220%200%20180%20180%22%3E%3C%2Fsvg%3E\" loading=\"eager\"><\/span><span class=\"fg-image-overlay\"><\/span><\/a><\/figure><div class=\"fg-loader\"><\/div><\/div><div class=\"fg-item fg-type-image fg-idle\"><figure class=\"fg-item-inner\"><a href=\"https:\/\/mtsy.ba\/wp-content\/uploads\/2023\/03\/Dr-Pavlovic.png\" data-attachment-id=\"181\" data-type=\"image\" class=\"fg-thumb\"><span class=\"fg-image-wrap\"><img decoding=\"async\" width=\"180\" height=\"180\" class=\"skip-lazy fg-image\" data-src-fg=\"https:\/\/mtsy.ba\/wp-content\/uploads\/cache\/2023\/03\/Dr-Pavlovic\/545202826.png\" src=\"data:image\/svg+xml,%3Csvg%20xmlns%3D%22http%3A%2F%2Fwww.w3.org%2F2000%2Fsvg%22%20width%3D%22180%22%20height%3D%22180%22%20viewBox%3D%220%200%20180%20180%22%3E%3C%2Fsvg%3E\" loading=\"eager\"><\/span><span class=\"fg-image-overlay\"><\/span><\/a><\/figure><div class=\"fg-loader\"><\/div><\/div><div class=\"fg-item fg-type-image fg-idle\"><figure class=\"fg-item-inner\"><a href=\"https:\/\/mtsy.ba\/wp-content\/uploads\/2023\/03\/Enervit.png\" data-attachment-id=\"182\" data-type=\"image\" class=\"fg-thumb\"><span class=\"fg-image-wrap\"><img decoding=\"async\" width=\"180\" height=\"180\" class=\"skip-lazy fg-image\" data-src-fg=\"https:\/\/mtsy.ba\/wp-content\/uploads\/cache\/2023\/03\/Enervit\/189961162.png\" src=\"data:image\/svg+xml,%3Csvg%20xmlns%3D%22http%3A%2F%2Fwww.w3.org%2F2000%2Fsvg%22%20width%3D%22180%22%20height%3D%22180%22%20viewBox%3D%220%200%20180%20180%22%3E%3C%2Fsvg%3E\" loading=\"eager\"><\/span><span class=\"fg-image-overlay\"><\/span><\/a><\/figure><div class=\"fg-loader\"><\/div><\/div><div class=\"fg-item fg-type-image fg-idle\"><figure class=\"fg-item-inner\"><a href=\"https:\/\/mtsy.ba\/wp-content\/uploads\/2023\/04\/Essity.png\" data-attachment-id=\"196\" data-type=\"image\" class=\"fg-thumb\"><span class=\"fg-image-wrap\"><img decoding=\"async\" width=\"180\" height=\"180\" class=\"skip-lazy fg-image\" data-src-fg=\"https:\/\/mtsy.ba\/wp-content\/uploads\/cache\/2023\/04\/Essity\/1637081910.png\" src=\"data:image\/svg+xml,%3Csvg%20xmlns%3D%22http%3A%2F%2Fwww.w3.org%2F2000%2Fsvg%22%20width%3D%22180%22%20height%3D%22180%22%20viewBox%3D%220%200%20180%20180%22%3E%3C%2Fsvg%3E\" loading=\"eager\"><\/span><span class=\"fg-image-overlay\"><\/span><\/a><\/figure><div class=\"fg-loader\"><\/div><\/div><div class=\"fg-item fg-type-image fg-idle\"><figure class=\"fg-item-inner\"><a href=\"https:\/\/mtsy.ba\/wp-content\/uploads\/2023\/04\/Fornatura.png\" data-attachment-id=\"197\" data-type=\"image\" class=\"fg-thumb\"><span class=\"fg-image-wrap\"><img decoding=\"async\" width=\"180\" height=\"180\" class=\"skip-lazy fg-image\" data-src-fg=\"https:\/\/mtsy.ba\/wp-content\/uploads\/cache\/2023\/04\/Fornatura\/640599753.png\" src=\"data:image\/svg+xml,%3Csvg%20xmlns%3D%22http%3A%2F%2Fwww.w3.org%2F2000%2Fsvg%22%20width%3D%22180%22%20height%3D%22180%22%20viewBox%3D%220%200%20180%20180%22%3E%3C%2Fsvg%3E\" loading=\"eager\"><\/span><span class=\"fg-image-overlay\"><\/span><\/a><\/figure><div class=\"fg-loader\"><\/div><\/div><div class=\"fg-item fg-type-image fg-idle\"><figure class=\"fg-item-inner\"><a href=\"https:\/\/mtsy.ba\/wp-content\/uploads\/2023\/04\/Hrana-i-Vino.png\" data-attachment-id=\"198\" data-type=\"image\" class=\"fg-thumb\"><span class=\"fg-image-wrap\"><img decoding=\"async\" width=\"180\" height=\"180\" class=\"skip-lazy fg-image\" data-src-fg=\"https:\/\/mtsy.ba\/wp-content\/uploads\/cache\/2023\/04\/Hrana-i-Vino\/4189010447.png\" src=\"data:image\/svg+xml,%3Csvg%20xmlns%3D%22http%3A%2F%2Fwww.w3.org%2F2000%2Fsvg%22%20width%3D%22180%22%20height%3D%22180%22%20viewBox%3D%220%200%20180%20180%22%3E%3C%2Fsvg%3E\" loading=\"eager\"><\/span><span class=\"fg-image-overlay\"><\/span><\/a><\/figure><div class=\"fg-loader\"><\/div><\/div><div class=\"fg-item fg-type-image fg-idle\"><figure class=\"fg-item-inner\"><a href=\"https:\/\/mtsy.ba\/wp-content\/uploads\/2023\/04\/Kolacic-srece.png\" data-attachment-id=\"199\" data-type=\"image\" class=\"fg-thumb\"><span class=\"fg-image-wrap\"><img decoding=\"async\" width=\"180\" height=\"180\" class=\"skip-lazy fg-image\" data-src-fg=\"https:\/\/mtsy.ba\/wp-content\/uploads\/cache\/2023\/04\/Kolacic-srece\/1012713420.png\" src=\"data:image\/svg+xml,%3Csvg%20xmlns%3D%22http%3A%2F%2Fwww.w3.org%2F2000%2Fsvg%22%20width%3D%22180%22%20height%3D%22180%22%20viewBox%3D%220%200%20180%20180%22%3E%3C%2Fsvg%3E\" loading=\"eager\"><\/span><span class=\"fg-image-overlay\"><\/span><\/a><\/figure><div class=\"fg-loader\"><\/div><\/div><div class=\"fg-item fg-type-image fg-idle\"><figure class=\"fg-item-inner\"><a href=\"https:\/\/mtsy.ba\/wp-content\/uploads\/2023\/04\/Lactacyd.png\" data-attachment-id=\"200\" data-type=\"image\" class=\"fg-thumb\"><span class=\"fg-image-wrap\"><img decoding=\"async\" width=\"180\" height=\"180\" class=\"skip-lazy fg-image\" data-src-fg=\"https:\/\/mtsy.ba\/wp-content\/uploads\/cache\/2023\/04\/Lactacyd\/391622527.png\" src=\"data:image\/svg+xml,%3Csvg%20xmlns%3D%22http%3A%2F%2Fwww.w3.org%2F2000%2Fsvg%22%20width%3D%22180%22%20height%3D%22180%22%20viewBox%3D%220%200%20180%20180%22%3E%3C%2Fsvg%3E\" loading=\"eager\"><\/span><span class=\"fg-image-overlay\"><\/span><\/a><\/figure><div class=\"fg-loader\"><\/div><\/div><div class=\"fg-item fg-type-image fg-idle\"><figure class=\"fg-item-inner\"><a href=\"https:\/\/mtsy.ba\/wp-content\/uploads\/2023\/04\/Masculan.png\" data-attachment-id=\"201\" data-type=\"image\" class=\"fg-thumb\"><span class=\"fg-image-wrap\"><img decoding=\"async\" width=\"180\" height=\"180\" class=\"skip-lazy fg-image\" data-src-fg=\"https:\/\/mtsy.ba\/wp-content\/uploads\/cache\/2023\/04\/Masculan\/3561468876.png\" src=\"data:image\/svg+xml,%3Csvg%20xmlns%3D%22http%3A%2F%2Fwww.w3.org%2F2000%2Fsvg%22%20width%3D%22180%22%20height%3D%22180%22%20viewBox%3D%220%200%20180%20180%22%3E%3C%2Fsvg%3E\" loading=\"eager\"><\/span><span class=\"fg-image-overlay\"><\/span><\/a><\/figure><div class=\"fg-loader\"><\/div><\/div><div class=\"fg-item fg-type-image fg-idle\"><figure class=\"fg-item-inner\"><a href=\"https:\/\/mtsy.ba\/wp-content\/uploads\/2023\/04\/Milupa.png\" data-attachment-id=\"202\" data-type=\"image\" class=\"fg-thumb\"><span class=\"fg-image-wrap\"><img decoding=\"async\" width=\"180\" height=\"180\" class=\"skip-lazy fg-image\" data-src-fg=\"https:\/\/mtsy.ba\/wp-content\/uploads\/cache\/2023\/04\/Milupa\/3075524492.png\" src=\"data:image\/svg+xml,%3Csvg%20xmlns%3D%22http%3A%2F%2Fwww.w3.org%2F2000%2Fsvg%22%20width%3D%22180%22%20height%3D%22180%22%20viewBox%3D%220%200%20180%20180%22%3E%3C%2Fsvg%3E\" loading=\"eager\"><\/span><span class=\"fg-image-overlay\"><\/span><\/a><\/figure><div class=\"fg-loader\"><\/div><\/div><div class=\"fg-item fg-type-image fg-idle\"><figure class=\"fg-item-inner\"><a href=\"https:\/\/mtsy.ba\/wp-content\/uploads\/2023\/04\/Mitrosrem.png\" data-attachment-id=\"203\" data-type=\"image\" class=\"fg-thumb\"><span class=\"fg-image-wrap\"><img decoding=\"async\" width=\"180\" height=\"180\" class=\"skip-lazy fg-image\" data-src-fg=\"https:\/\/mtsy.ba\/wp-content\/uploads\/cache\/2023\/04\/Mitrosrem\/1462925282.png\" src=\"data:image\/svg+xml,%3Csvg%20xmlns%3D%22http%3A%2F%2Fwww.w3.org%2F2000%2Fsvg%22%20width%3D%22180%22%20height%3D%22180%22%20viewBox%3D%220%200%20180%20180%22%3E%3C%2Fsvg%3E\" loading=\"eager\"><\/span><span class=\"fg-image-overlay\"><\/span><\/a><\/figure><div class=\"fg-loader\"><\/div><\/div><div class=\"fg-item fg-type-image fg-idle\"><figure class=\"fg-item-inner\"><a href=\"https:\/\/mtsy.ba\/wp-content\/uploads\/2023\/04\/SamMills.png\" data-attachment-id=\"204\" data-type=\"image\" class=\"fg-thumb\"><span class=\"fg-image-wrap\"><img decoding=\"async\" width=\"180\" height=\"180\" class=\"skip-lazy fg-image\" data-src-fg=\"https:\/\/mtsy.ba\/wp-content\/uploads\/cache\/2023\/04\/SamMills\/1738124434.png\" src=\"data:image\/svg+xml,%3Csvg%20xmlns%3D%22http%3A%2F%2Fwww.w3.org%2F2000%2Fsvg%22%20width%3D%22180%22%20height%3D%22180%22%20viewBox%3D%220%200%20180%20180%22%3E%3C%2Fsvg%3E\" loading=\"eager\"><\/span><span class=\"fg-image-overlay\"><\/span><\/a><\/figure><div class=\"fg-loader\"><\/div><\/div><div class=\"fg-item fg-type-image fg-idle\"><figure class=\"fg-item-inner\"><a href=\"https:\/\/mtsy.ba\/wp-content\/uploads\/2023\/04\/Steril.png\" data-attachment-id=\"205\" data-type=\"image\" class=\"fg-thumb\"><span class=\"fg-image-wrap\"><img decoding=\"async\" width=\"180\" height=\"180\" class=\"skip-lazy fg-image\" data-src-fg=\"https:\/\/mtsy.ba\/wp-content\/uploads\/cache\/2023\/04\/Steril\/910480001.png\" src=\"data:image\/svg+xml,%3Csvg%20xmlns%3D%22http%3A%2F%2Fwww.w3.org%2F2000%2Fsvg%22%20width%3D%22180%22%20height%3D%22180%22%20viewBox%3D%220%200%20180%20180%22%3E%3C%2Fsvg%3E\" loading=\"eager\"><\/span><span class=\"fg-image-overlay\"><\/span><\/a><\/figure><div class=\"fg-loader\"><\/div><\/div><div class=\"fg-item fg-type-image fg-idle\"><figure class=\"fg-item-inner\"><a href=\"https:\/\/mtsy.ba\/wp-content\/uploads\/2023\/04\/White-Smile.png\" data-attachment-id=\"206\" data-type=\"image\" class=\"fg-thumb\"><span class=\"fg-image-wrap\"><img decoding=\"async\" width=\"180\" height=\"180\" class=\"skip-lazy fg-image\" data-src-fg=\"https:\/\/mtsy.ba\/wp-content\/uploads\/cache\/2023\/04\/White-Smile\/757652190.png\" src=\"data:image\/svg+xml,%3Csvg%20xmlns%3D%22http%3A%2F%2Fwww.w3.org%2F2000%2Fsvg%22%20width%3D%22180%22%20height%3D%22180%22%20viewBox%3D%220%200%20180%20180%22%3E%3C%2Fsvg%3E\" loading=\"eager\"><\/span><span class=\"fg-image-overlay\"><\/span><\/a><\/figure><div class=\"fg-loader\"><\/div><\/div><div class=\"fg-item fg-type-image fg-idle\"><figure class=\"fg-item-inner\"><a href=\"https:\/\/mtsy.ba\/wp-content\/uploads\/2023\/06\/bonesgroup.jpg\" data-attachment-id=\"513\" data-type=\"image\" class=\"fg-thumb\"><span class=\"fg-image-wrap\"><img decoding=\"async\" width=\"180\" height=\"180\" class=\"skip-lazy fg-image\" data-src-fg=\"https:\/\/mtsy.ba\/wp-content\/uploads\/cache\/2023\/06\/bonesgroup\/2031004370.jpg\" src=\"data:image\/svg+xml,%3Csvg%20xmlns%3D%22http%3A%2F%2Fwww.w3.org%2F2000%2Fsvg%22%20width%3D%22180%22%20height%3D%22180%22%20viewBox%3D%220%200%20180%20180%22%3E%3C%2Fsvg%3E\" loading=\"eager\"><\/span><span class=\"fg-image-overlay\"><\/span><\/a><\/figure><div class=\"fg-loader\"><\/div><\/div><\/div>\n\n<\/div>\n\n\n\n<p class=\"gutenify-section-27d90d40-fbb2-11ed-a030-9d1b1a239611\"><\/p>\n\n\n\n<p class=\"has-vivid-cyan-blue-color has-text-color has-medium-font-size gutenify-section-ffc272b0-fbb1-11ed-a030-9d1b1a239611\"><\/p>\n\n\n\n<div class=\"wp-block-group alignwide aligncenter gutenify-section-67166230-e273-11ed-8a1f-1d784a430810 is-layout-flow wp-block-group-is-layout-flow\" style=\"padding-right:0px;padding-left:0px\"><\/div>\n","protected":false},"excerpt":{"rendered":"<p>MEGA TRADE SYSTEM PARTNERI Na\u0161i partneri Mo\u017eemo se pohvaliti vi\u0161egodi\u0161njim, kvalitetnim, poslovnim odnosima sa mnogim [&hellip;]<\/p>\n","protected":false},"author":1,"featured_media":0,"parent":0,"menu_order":0,"comment_status":"closed","ping_status":"closed","template":"partneri","meta":{"gutenify_custom_css":"","gutenify_custom_css_data":"","footnotes":""},"class_list":["post-160","page","type-page","status-publish","hentry"],"_links":{"self":[{"href":"https:\/\/mtsy.ba\/index.php\/wp-json\/wp\/v2\/pages\/160","targetHints":{"allow":["GET"]}}],"collection":[{"href":"https:\/\/mtsy.ba\/index.php\/wp-json\/wp\/v2\/pages"}],"about":[{"href":"https:\/\/mtsy.ba\/index.php\/wp-json\/wp\/v2\/types\/page"}],"author":[{"embeddable":true,"href":"https:\/\/mtsy.ba\/index.php\/wp-json\/wp\/v2\/users\/1"}],"replies":[{"embeddable":true,"href":"https:\/\/mtsy.ba\/index.php\/wp-json\/wp\/v2\/comments?post=160"}],"version-history":[{"count":18,"href":"https:\/\/mtsy.ba\/index.php\/wp-json\/wp\/v2\/pages\/160\/revisions"}],"predecessor-version":[{"id":375,"href":"https:\/\/mtsy.ba\/index.php\/wp-json\/wp\/v2\/pages\/160\/revisions\/375"}],"wp:attachment":[{"href":"https:\/\/mtsy.ba\/index.php\/wp-json\/wp\/v2\/media?parent=160"}],"curies":[{"name":"wp","href":"https:\/\/api.w.org\/{rel}","templated":true}]}}