{"id":110,"date":"2023-03-15T11:01:28","date_gmt":"2023-03-15T11:01:28","guid":{"rendered":"https:\/\/mtsy.ba\/?page_id=110"},"modified":"2023-04-24T14:40:04","modified_gmt":"2023-04-24T14:40:04","slug":"110-2","status":"publish","type":"page","link":"https:\/\/mtsy.ba\/index.php\/110-2\/","title":{"rendered":"O nama"},"content":{"rendered":"\n<div class=\"wp-block-group has-light-background-color has-background gutenify-section-b6329020-e2ad-11ed-b7c5-3f04f838ad01 is-layout-constrained wp-container-core-group-is-layout-539f2c9e wp-block-group-is-layout-constrained\" style=\"padding-top:80px;padding-bottom:80px\">\n<div class=\"wp-block-columns alignwide gutenify-section-b631a5c0-e2ad-11ed-b7c5-3f04f838ad01 is-layout-flex wp-container-core-columns-is-layout-28f84493 wp-block-columns-is-layout-flex\">\n<div class=\"wp-block-column gutenify-section-b6313090-e2ad-11ed-b7c5-3f04f838ad01 is-layout-flow wp-block-column-is-layout-flow\">\n<p class=\"gutenify-section-b62cc3c0-e2ad-11ed-b7c5-3f04f838ad01\">MEGA TRADE SYSTEM PRI\u010cA<\/p>\n\n\n\n<p class=\"has-vivid-cyan-blue-color has-text-color has-medium-font-size gutenify-section-b62d38f0-e2ad-11ed-b7c5-3f04f838ad01\">Mega Trade System<\/p>\n\n\n\n<h2 class=\"wp-block-heading gutenify-section-b62dd530-e2ad-11ed-b7c5-3f04f838ad01\"><\/h2>\n\n\n\n<p class=\"gutenify-section-b62e7170-e2ad-11ed-b7c5-3f04f838ad01\"><strong>Mega Trade System osnovan je krajem 1996. godine u Banjaluci. Osnovna djelatnost firme je uvoz, distribucija i prodaja robe \u0161iroke potro\u0161nje. Za veoma kratko vrijeme prerasli smo u jednu od najuspje\u0161nijih distribucijskih ku\u0107a na tr\u017ei\u0161tu Bosne i Hercegovine. Ta pozicija ostvarena je zahvaljuju\u0107i uspje\u0161noj saradnji sa doma\u0107im i stranim partnerima i uz njegovanje timskog duha i ostvarivanje ciljeva kompanije. Osnovna pokreta\u010dka ideja bila je da se najkvalitetniji proizvodi slo\u017eenim sistemom distribucije plasiraju do potro\u0161a\u010da<\/strong>.<\/p>\n\n\n\n<p class=\"gutenify-section-b62ee6a0-e2ad-11ed-b7c5-3f04f838ad01\">Mega Trade system se sastoji od dva sektora:<\/p>\n\n\n\n<p class=\"gutenify-section-b62f5bd0-e2ad-11ed-b7c5-3f04f838ad01\">SEKTOR MASOVNIH PROIZVODA<\/p>\n\n\n\n<p class=\"gutenify-section-b62ff810-e2ad-11ed-b7c5-3f04f838ad01\">SEKTOR FARMACIJE<\/p>\n\n\n\n<p class=\"gutenify-section-b6309450-e2ad-11ed-b7c5-3f04f838ad01\">Brzi rast je baziran na pa\u017eljivom odabiru kadrova i njihovom daljem usavr\u0161avalju. Danas sa pravom mo\u017eemo biti ponosni na preko 70 mladih i stru\u010dnih ljudi koji \u010dine realan zalog za budu\u0107nost kompanije.<\/p>\n<\/div>\n<\/div>\n<\/div>\n\n\n\n<p class=\"gutenify-section-b6332c60-e2ad-11ed-b7c5-3f04f838ad01\"><\/p>\n\n\n\n<div class=\"wp-block-group has-background-color has-foreground-background-color has-text-color has-background has-link-color gutenify-section-b63e01d0-e2ad-11ed-b7c5-3f04f838ad01 wp-elements-71edfe33cd043c6dbccae778dff9f90d is-layout-constrained wp-container-core-group-is-layout-75a7be9c wp-block-group-is-layout-constrained\" style=\"padding-top:25px;padding-right:25px;padding-bottom:25px;padding-left:25px\">\n<div class=\"wp-block-group alignwide gutenify-section-b63d3e80-e2ad-11ed-b7c5-3f04f838ad01 is-content-justification-center is-layout-flex wp-container-core-group-is-layout-81a7f686 wp-block-group-is-layout-flex\">\n<p class=\"has-text-align-center has-text-color gutenify-section-b63cc950-e2ad-11ed-b7c5-3f04f838ad01\" style=\"color:#908787\">Powered by Mega Trade System<\/p>\n<\/div>\n<\/div>\n\n\n\n<div class=\"wp-block-group alignfull gutenify-section-b63e9e10-e2ad-11ed-b7c5-3f04f838ad01 is-layout-flow wp-container-core-group-is-layout-47e5a185 wp-block-group-is-layout-flow\"><\/div>\n","protected":false},"excerpt":{"rendered":"<p>MEGA TRADE SYSTEM PRI\u010cA Mega Trade System Mega Trade System osnovan je krajem 1996. godine [&hellip;]<\/p>\n","protected":false},"author":1,"featured_media":0,"parent":0,"menu_order":0,"comment_status":"closed","ping_status":"closed","template":"","meta":{"gutenify_custom_css":"","gutenify_custom_css_data":"","footnotes":""},"class_list":["post-110","page","type-page","status-publish","hentry"],"_links":{"self":[{"href":"https:\/\/mtsy.ba\/index.php\/wp-json\/wp\/v2\/pages\/110","targetHints":{"allow":["GET"]}}],"collection":[{"href":"https:\/\/mtsy.ba\/index.php\/wp-json\/wp\/v2\/pages"}],"about":[{"href":"https:\/\/mtsy.ba\/index.php\/wp-json\/wp\/v2\/types\/page"}],"author":[{"embeddable":true,"href":"https:\/\/mtsy.ba\/index.php\/wp-json\/wp\/v2\/users\/1"}],"replies":[{"embeddable":true,"href":"https:\/\/mtsy.ba\/index.php\/wp-json\/wp\/v2\/comments?post=110"}],"version-history":[{"count":25,"href":"https:\/\/mtsy.ba\/index.php\/wp-json\/wp\/v2\/pages\/110\/revisions"}],"predecessor-version":[{"id":250,"href":"https:\/\/mtsy.ba\/index.php\/wp-json\/wp\/v2\/pages\/110\/revisions\/250"}],"wp:attachment":[{"href":"https:\/\/mtsy.ba\/index.php\/wp-json\/wp\/v2\/media?parent=110"}],"curies":[{"name":"wp","href":"https:\/\/api.w.org\/{rel}","templated":true}]}}